{"id":14,"date":"2025-11-14T15:58:39","date_gmt":"2025-11-14T15:58:39","guid":{"rendered":"https:\/\/pubeklipse.rkinformatika.online\/?page_id=14"},"modified":"2025-11-20T14:24:39","modified_gmt":"2025-11-20T14:24:39","slug":"inicio","status":"publish","type":"page","link":"https:\/\/pubeklipse.com\/eu\/","title":{"rendered":"Hasiera"},"content":{"rendered":"<div data-elementor-type=\"wp-page\" data-elementor-id=\"14\" class=\"elementor elementor-14\" data-elementor-post-type=\"page\">\n\t\t\t\t\t\t<section class=\"elementor-section elementor-top-section elementor-element elementor-element-c3293ea elementor-section-height-min-height elementor-section-boxed elementor-section-height-default elementor-section-items-middle\" data-id=\"c3293ea\" data-element_type=\"section\" data-e-type=\"section\" data-settings=\"{&quot;background_background&quot;:&quot;classic&quot;}\">\n\t\t\t\t\t\t\t<div class=\"elementor-background-overlay\"><\/div>\n\t\t\t\t\t\t\t<div class=\"elementor-container elementor-column-gap-no\">\n\t\t\t\t\t<div class=\"elementor-column elementor-col-100 elementor-top-column elementor-element elementor-element-c928aa0\" data-id=\"c928aa0\" data-element_type=\"column\" data-e-type=\"column\">\n\t\t\t<div class=\"elementor-widget-wrap elementor-element-populated\">\n\t\t\t\t\t\t<div class=\"elementor-element elementor-element-5149e0b elementor-invisible elementor-widget elementor-widget-heading\" data-id=\"5149e0b\" data-element_type=\"widget\" data-e-type=\"widget\" data-settings=\"{&quot;_animation&quot;:&quot;zoomIn&quot;}\" data-widget_type=\"heading.default\">\n\t\t\t\t\t<h2 class=\"elementor-heading-title elementor-size-default\">Non mokadu eta kafe kikara bakoitzak 25 urte baino gehiagoko historia duen.<\/h2>\t\t\t\t<\/div>\n\t\t\t\t<section class=\"elementor-section elementor-inner-section elementor-element elementor-element-7c912bc elementor-section-boxed elementor-section-height-default elementor-section-height-default\" data-id=\"7c912bc\" data-element_type=\"section\" data-e-type=\"section\">\n\t\t\t\t\t\t<div class=\"elementor-container elementor-column-gap-no\">\n\t\t\t\t\t<div class=\"elementor-column elementor-col-100 elementor-inner-column elementor-element elementor-element-ea66c78\" data-id=\"ea66c78\" data-element_type=\"column\" data-e-type=\"column\">\n\t\t\t<div class=\"elementor-widget-wrap\">\n\t\t\t\t\t\t\t<\/div>\n\t\t<\/div>\n\t\t\t\t\t<\/div>\n\t\t<\/section>\n\t\t\t\t\t<\/div>\n\t\t<\/div>\n\t\t\t\t\t<\/div>\n\t\t<\/section>\n\t\t\t\t<section class=\"elementor-section elementor-top-section elementor-element elementor-element-741b843 elementor-section-content-middle elementor-section-boxed elementor-section-height-default elementor-section-height-default\" data-id=\"741b843\" data-element_type=\"section\" data-e-type=\"section\" data-settings=\"{&quot;background_background&quot;:&quot;classic&quot;}\">\n\t\t\t\t\t\t<div class=\"elementor-container elementor-column-gap-no\">\n\t\t\t\t\t<div class=\"elementor-column elementor-col-50 elementor-top-column elementor-element elementor-element-603b147\" data-id=\"603b147\" data-element_type=\"column\" data-e-type=\"column\">\n\t\t\t<div class=\"elementor-widget-wrap elementor-element-populated\">\n\t\t\t\t\t\t<div class=\"elementor-element elementor-element-088f810 elementor-widget elementor-widget-image\" data-id=\"088f810\" data-element_type=\"widget\" data-e-type=\"widget\" data-widget_type=\"image.default\">\n\t\t\t\t\t\t\t\t\t\t\t\t\t\t\t<img fetchpriority=\"high\" decoding=\"async\" width=\"1600\" height=\"1200\" src=\"https:\/\/pubeklipse.com\/wp-content\/uploads\/2025\/11\/WhatsApp-Image-2025-11-20-at-15.22.19.jpeg\" class=\"attachment-full size-full wp-image-285\" alt=\"\" srcset=\"https:\/\/pubeklipse.com\/wp-content\/uploads\/2025\/11\/WhatsApp-Image-2025-11-20-at-15.22.19.jpeg 1600w, https:\/\/pubeklipse.com\/wp-content\/uploads\/2025\/11\/WhatsApp-Image-2025-11-20-at-15.22.19-300x225.jpeg 300w, https:\/\/pubeklipse.com\/wp-content\/uploads\/2025\/11\/WhatsApp-Image-2025-11-20-at-15.22.19-1024x768.jpeg 1024w, https:\/\/pubeklipse.com\/wp-content\/uploads\/2025\/11\/WhatsApp-Image-2025-11-20-at-15.22.19-768x576.jpeg 768w, https:\/\/pubeklipse.com\/wp-content\/uploads\/2025\/11\/WhatsApp-Image-2025-11-20-at-15.22.19-1536x1152.jpeg 1536w, https:\/\/pubeklipse.com\/wp-content\/uploads\/2025\/11\/WhatsApp-Image-2025-11-20-at-15.22.19-16x12.jpeg 16w\" sizes=\"(max-width: 1600px) 100vw, 1600px\" \/>\t\t\t\t\t\t\t\t\t\t\t\t\t\t\t<\/div>\n\t\t\t\t\t<\/div>\n\t\t<\/div>\n\t\t\t\t<div class=\"elementor-column elementor-col-50 elementor-top-column elementor-element elementor-element-2f73268\" data-id=\"2f73268\" data-element_type=\"column\" data-e-type=\"column\">\n\t\t\t<div class=\"elementor-widget-wrap elementor-element-populated\">\n\t\t\t\t\t\t<section class=\"elementor-section elementor-inner-section elementor-element elementor-element-5ac0c8f elementor-section-boxed elementor-section-height-default elementor-section-height-default\" data-id=\"5ac0c8f\" data-element_type=\"section\" data-e-type=\"section\" data-settings=\"{&quot;background_background&quot;:&quot;classic&quot;}\">\n\t\t\t\t\t\t\t<div class=\"elementor-background-overlay\"><\/div>\n\t\t\t\t\t\t\t<div class=\"elementor-container elementor-column-gap-no\">\n\t\t\t\t\t<div class=\"elementor-column elementor-col-100 elementor-inner-column elementor-element elementor-element-63f1582 elementor-invisible\" data-id=\"63f1582\" data-element_type=\"column\" data-e-type=\"column\" data-settings=\"{&quot;background_background&quot;:&quot;classic&quot;,&quot;animation&quot;:&quot;fadeInRight&quot;}\">\n\t\t\t<div class=\"elementor-widget-wrap elementor-element-populated\">\n\t\t\t\t\t\t<div class=\"elementor-element elementor-element-1ca8fc7 elementor-widget elementor-widget-heading\" data-id=\"1ca8fc7\" data-element_type=\"widget\" data-e-type=\"widget\" data-widget_type=\"heading.default\">\n\t\t\t\t\t<h2 class=\"elementor-heading-title elementor-size-default\">Guri Buruz<\/h2>\t\t\t\t<\/div>\n\t\t\t\t<div class=\"elementor-element elementor-element-a8e689e elementor-widget elementor-widget-text-editor\" data-id=\"a8e689e\" data-element_type=\"widget\" data-e-type=\"widget\" data-widget_type=\"text-editor.default\">\n\t\t\t\t\t\t\t\t\t<div class=\"flex-shrink-0 flex flex-col relative items-end\"><div class=\"pt-0\"><div class=\"gizmo-bot-avatar flex h-8 w-8 items-center justify-center overflow-hidden rounded-full\"><p>Gure tabernan 10 urte baino gehiago daramatzagu gertuko eta kalitatezko zerbitzua eskaintzen, ostalaritzan 25 urte baino gehiagoko esperientziaren laguntzarekin. Terraza zabala dugu, urteko edozein sasoitan giro atsegin eta erlaxatuaz gozatzeko ezin hobea.<\/p><p>Ostalaritzarekiko dugun grina xehetasun bakoitzean islatzen da, espazio eroso eta profesional bat eskainiz, non bisita bakoitza esperientzia gogoangarri bihurtzen den.<\/p><\/div><\/div><\/div>\t\t\t\t\t\t\t\t<\/div>\n\t\t\t\t<div class=\"elementor-element elementor-element-b8cbf61 elementor-align-center elementor-widget elementor-widget-button\" data-id=\"b8cbf61\" data-element_type=\"widget\" data-e-type=\"widget\" data-widget_type=\"button.default\">\n\t\t\t\t\t\t\t\t\t\t<a class=\"elementor-button elementor-button-link elementor-size-sm elementor-animation-float\" href=\"https:\/\/pubeklipse.com\/eu\/servicios\/\">\n\t\t\t\t\t\t<span class=\"elementor-button-content-wrapper\">\n\t\t\t\t\t\t\t\t\t<span class=\"elementor-button-text\">Gehiago jakin<\/span>\n\t\t\t\t\t<\/span>\n\t\t\t\t\t<\/a>\n\t\t\t\t\t\t\t\t<\/div>\n\t\t\t\t\t<\/div>\n\t\t<\/div>\n\t\t\t\t\t<\/div>\n\t\t<\/section>\n\t\t\t\t\t<\/div>\n\t\t<\/div>\n\t\t\t\t\t<\/div>\n\t\t<\/section>\n\t\t\t\t<section class=\"elementor-section elementor-top-section elementor-element elementor-element-a175bb9 elementor-section-boxed elementor-section-height-default elementor-section-height-default\" data-id=\"a175bb9\" data-element_type=\"section\" data-e-type=\"section\" data-settings=\"{&quot;background_background&quot;:&quot;classic&quot;}\">\n\t\t\t\t\t\t\t<div class=\"elementor-background-overlay\"><\/div>\n\t\t\t\t\t\t\t<div class=\"elementor-container elementor-column-gap-no\">\n\t\t\t\t\t<div class=\"elementor-column elementor-col-100 elementor-top-column elementor-element elementor-element-b9b7c0a\" data-id=\"b9b7c0a\" data-element_type=\"column\" data-e-type=\"column\" data-settings=\"{&quot;background_background&quot;:&quot;classic&quot;}\">\n\t\t\t<div class=\"elementor-widget-wrap elementor-element-populated\">\n\t\t\t\t\t\t<div class=\"elementor-element elementor-element-2731d87 elementor-invisible elementor-widget elementor-widget-heading\" data-id=\"2731d87\" data-element_type=\"widget\" data-e-type=\"widget\" data-settings=\"{&quot;_animation&quot;:&quot;zoomIn&quot;}\" data-widget_type=\"heading.default\">\n\t\t\t\t\t<h2 class=\"elementor-heading-title elementor-size-default\">Kalitatezko pintxoak, txigorkiak eta kafea, hainbat hamarkadatako esperientzia duen zerbitzuarekin batera.<\/h2>\t\t\t\t<\/div>\n\t\t\t\t\t<\/div>\n\t\t<\/div>\n\t\t\t\t\t<\/div>\n\t\t<\/section>\n\t\t\t\t<\/div>","protected":false},"excerpt":{"rendered":"<p>Donde cada bocado y cada taza de caf\u00e9 cuentan m\u00e1s de 25 a\u00f1os de historia. SOBRE NOSOTROS En nuestro bar llevamos m\u00e1s de 10 a\u00f1os ofreciendo un servicio cercano y de calidad, respaldados por m\u00e1s de 25 a\u00f1os de experiencia en hosteler\u00eda. Contamos con una amplia terraza, perfecta para disfrutar de un ambiente agradable y [&hellip;]<\/p>\n","protected":false},"author":1,"featured_media":0,"parent":0,"menu_order":0,"comment_status":"closed","ping_status":"closed","template":"elementor_canvas","meta":{"footnotes":""},"class_list":["post-14","page","type-page","status-publish","hentry"],"yoast_head":"<!-- This site is optimized with the Yoast SEO plugin v27.3 - https:\/\/yoast.com\/product\/yoast-seo-wordpress\/ -->\n<title>Inicio - Pub Eklipse<\/title>\n<meta name=\"robots\" content=\"index, follow, max-snippet:-1, max-image-preview:large, max-video-preview:-1\" \/>\n<link rel=\"canonical\" href=\"https:\/\/pubeklipse.com\/eu\/\" \/>\n<meta property=\"og:locale\" content=\"en_US\" \/>\n<meta property=\"og:type\" content=\"article\" \/>\n<meta property=\"og:title\" content=\"Inicio - Pub Eklipse\" \/>\n<meta property=\"og:description\" content=\"Donde cada bocado y cada taza de caf\u00e9 cuentan m\u00e1s de 25 a\u00f1os de historia. SOBRE NOSOTROS En nuestro bar llevamos m\u00e1s de 10 a\u00f1os ofreciendo un servicio cercano y de calidad, respaldados por m\u00e1s de 25 a\u00f1os de experiencia en hosteler\u00eda. Contamos con una amplia terraza, perfecta para disfrutar de un ambiente agradable y [&hellip;]\" \/>\n<meta property=\"og:url\" content=\"https:\/\/pubeklipse.com\/eu\/\" \/>\n<meta property=\"og:site_name\" content=\"Pub Eklipse\" \/>\n<meta property=\"article:modified_time\" content=\"2025-11-20T14:24:39+00:00\" \/>\n<meta property=\"og:image\" content=\"https:\/\/pubeklipse.com\/wp-content\/uploads\/2025\/11\/WhatsApp-Image-2025-11-20-at-15.22.19.jpeg\" \/>\n<meta name=\"twitter:card\" content=\"summary_large_image\" \/>\n<script type=\"application\/ld+json\" class=\"yoast-schema-graph\">{\"@context\":\"https:\\\/\\\/schema.org\",\"@graph\":[{\"@type\":\"WebPage\",\"@id\":\"https:\\\/\\\/pubeklipse.com\\\/\",\"url\":\"https:\\\/\\\/pubeklipse.com\\\/\",\"name\":\"Inicio - Pub Eklipse\",\"isPartOf\":{\"@id\":\"https:\\\/\\\/pubeklipse.com\\\/#website\"},\"primaryImageOfPage\":{\"@id\":\"https:\\\/\\\/pubeklipse.com\\\/#primaryimage\"},\"image\":{\"@id\":\"https:\\\/\\\/pubeklipse.com\\\/#primaryimage\"},\"thumbnailUrl\":\"https:\\\/\\\/pubeklipse.com\\\/wp-content\\\/uploads\\\/2025\\\/11\\\/WhatsApp-Image-2025-11-20-at-15.22.19.jpeg\",\"datePublished\":\"2025-11-14T15:58:39+00:00\",\"dateModified\":\"2025-11-20T14:24:39+00:00\",\"breadcrumb\":{\"@id\":\"https:\\\/\\\/pubeklipse.com\\\/#breadcrumb\"},\"inLanguage\":\"eu\",\"potentialAction\":[{\"@type\":\"ReadAction\",\"target\":[\"https:\\\/\\\/pubeklipse.com\\\/\"]}]},{\"@type\":\"ImageObject\",\"inLanguage\":\"eu\",\"@id\":\"https:\\\/\\\/pubeklipse.com\\\/#primaryimage\",\"url\":\"https:\\\/\\\/pubeklipse.com\\\/wp-content\\\/uploads\\\/2025\\\/11\\\/WhatsApp-Image-2025-11-20-at-15.22.19.jpeg\",\"contentUrl\":\"https:\\\/\\\/pubeklipse.com\\\/wp-content\\\/uploads\\\/2025\\\/11\\\/WhatsApp-Image-2025-11-20-at-15.22.19.jpeg\"},{\"@type\":\"BreadcrumbList\",\"@id\":\"https:\\\/\\\/pubeklipse.com\\\/#breadcrumb\",\"itemListElement\":[{\"@type\":\"ListItem\",\"position\":1,\"name\":\"Portada\",\"item\":\"https:\\\/\\\/pubeklipse.com\\\/\"},{\"@type\":\"ListItem\",\"position\":2,\"name\":\"Inicio\"}]},{\"@type\":\"WebSite\",\"@id\":\"https:\\\/\\\/pubeklipse.com\\\/#website\",\"url\":\"https:\\\/\\\/pubeklipse.com\\\/\",\"name\":\"Pub Eklipse\",\"description\":\"Bar\",\"publisher\":{\"@id\":\"https:\\\/\\\/pubeklipse.com\\\/#organization\"},\"potentialAction\":[{\"@type\":\"SearchAction\",\"target\":{\"@type\":\"EntryPoint\",\"urlTemplate\":\"https:\\\/\\\/pubeklipse.com\\\/?s={search_term_string}\"},\"query-input\":{\"@type\":\"PropertyValueSpecification\",\"valueRequired\":true,\"valueName\":\"search_term_string\"}}],\"inLanguage\":\"eu\"},{\"@type\":\"Organization\",\"@id\":\"https:\\\/\\\/pubeklipse.com\\\/#organization\",\"name\":\"Pub Eklipse\",\"url\":\"https:\\\/\\\/pubeklipse.com\\\/\",\"logo\":{\"@type\":\"ImageObject\",\"inLanguage\":\"eu\",\"@id\":\"https:\\\/\\\/pubeklipse.com\\\/#\\\/schema\\\/logo\\\/image\\\/\",\"url\":\"https:\\\/\\\/pubeklipse.com\\\/wp-content\\\/uploads\\\/2025\\\/11\\\/cropped-78884722N_logo_web.png\",\"contentUrl\":\"https:\\\/\\\/pubeklipse.com\\\/wp-content\\\/uploads\\\/2025\\\/11\\\/cropped-78884722N_logo_web.png\",\"width\":769,\"height\":620,\"caption\":\"Pub Eklipse\"},\"image\":{\"@id\":\"https:\\\/\\\/pubeklipse.com\\\/#\\\/schema\\\/logo\\\/image\\\/\"}}]}<\/script>\n<!-- \/ Yoast SEO plugin. -->","yoast_head_json":{"title":"Inicio - Pub Eklipse","robots":{"index":"index","follow":"follow","max-snippet":"max-snippet:-1","max-image-preview":"max-image-preview:large","max-video-preview":"max-video-preview:-1"},"canonical":"https:\/\/pubeklipse.com\/eu\/","og_locale":"en_US","og_type":"article","og_title":"Inicio - Pub Eklipse","og_description":"Donde cada bocado y cada taza de caf\u00e9 cuentan m\u00e1s de 25 a\u00f1os de historia. SOBRE NOSOTROS En nuestro bar llevamos m\u00e1s de 10 a\u00f1os ofreciendo un servicio cercano y de calidad, respaldados por m\u00e1s de 25 a\u00f1os de experiencia en hosteler\u00eda. Contamos con una amplia terraza, perfecta para disfrutar de un ambiente agradable y [&hellip;]","og_url":"https:\/\/pubeklipse.com\/eu\/","og_site_name":"Pub Eklipse","article_modified_time":"2025-11-20T14:24:39+00:00","og_image":[{"url":"https:\/\/pubeklipse.com\/wp-content\/uploads\/2025\/11\/WhatsApp-Image-2025-11-20-at-15.22.19.jpeg","type":"","width":"","height":""}],"twitter_card":"summary_large_image","schema":{"@context":"https:\/\/schema.org","@graph":[{"@type":"WebPage","@id":"https:\/\/pubeklipse.com\/","url":"https:\/\/pubeklipse.com\/","name":"Inicio - Pub Eklipse","isPartOf":{"@id":"https:\/\/pubeklipse.com\/#website"},"primaryImageOfPage":{"@id":"https:\/\/pubeklipse.com\/#primaryimage"},"image":{"@id":"https:\/\/pubeklipse.com\/#primaryimage"},"thumbnailUrl":"https:\/\/pubeklipse.com\/wp-content\/uploads\/2025\/11\/WhatsApp-Image-2025-11-20-at-15.22.19.jpeg","datePublished":"2025-11-14T15:58:39+00:00","dateModified":"2025-11-20T14:24:39+00:00","breadcrumb":{"@id":"https:\/\/pubeklipse.com\/#breadcrumb"},"inLanguage":"eu","potentialAction":[{"@type":"ReadAction","target":["https:\/\/pubeklipse.com\/"]}]},{"@type":"ImageObject","inLanguage":"eu","@id":"https:\/\/pubeklipse.com\/#primaryimage","url":"https:\/\/pubeklipse.com\/wp-content\/uploads\/2025\/11\/WhatsApp-Image-2025-11-20-at-15.22.19.jpeg","contentUrl":"https:\/\/pubeklipse.com\/wp-content\/uploads\/2025\/11\/WhatsApp-Image-2025-11-20-at-15.22.19.jpeg"},{"@type":"BreadcrumbList","@id":"https:\/\/pubeklipse.com\/#breadcrumb","itemListElement":[{"@type":"ListItem","position":1,"name":"Portada","item":"https:\/\/pubeklipse.com\/"},{"@type":"ListItem","position":2,"name":"Inicio"}]},{"@type":"WebSite","@id":"https:\/\/pubeklipse.com\/#website","url":"https:\/\/pubeklipse.com\/","name":"Pub Eklipse","description":"Bar","publisher":{"@id":"https:\/\/pubeklipse.com\/#organization"},"potentialAction":[{"@type":"SearchAction","target":{"@type":"EntryPoint","urlTemplate":"https:\/\/pubeklipse.com\/?s={search_term_string}"},"query-input":{"@type":"PropertyValueSpecification","valueRequired":true,"valueName":"search_term_string"}}],"inLanguage":"eu"},{"@type":"Organization","@id":"https:\/\/pubeklipse.com\/#organization","name":"Pub Eklipse","url":"https:\/\/pubeklipse.com\/","logo":{"@type":"ImageObject","inLanguage":"eu","@id":"https:\/\/pubeklipse.com\/#\/schema\/logo\/image\/","url":"https:\/\/pubeklipse.com\/wp-content\/uploads\/2025\/11\/cropped-78884722N_logo_web.png","contentUrl":"https:\/\/pubeklipse.com\/wp-content\/uploads\/2025\/11\/cropped-78884722N_logo_web.png","width":769,"height":620,"caption":"Pub Eklipse"},"image":{"@id":"https:\/\/pubeklipse.com\/#\/schema\/logo\/image\/"}}]}},"_links":{"self":[{"href":"https:\/\/pubeklipse.com\/eu\/wp-json\/wp\/v2\/pages\/14","targetHints":{"allow":["GET"]}}],"collection":[{"href":"https:\/\/pubeklipse.com\/eu\/wp-json\/wp\/v2\/pages"}],"about":[{"href":"https:\/\/pubeklipse.com\/eu\/wp-json\/wp\/v2\/types\/page"}],"author":[{"embeddable":true,"href":"https:\/\/pubeklipse.com\/eu\/wp-json\/wp\/v2\/users\/1"}],"replies":[{"embeddable":true,"href":"https:\/\/pubeklipse.com\/eu\/wp-json\/wp\/v2\/comments?post=14"}],"version-history":[{"count":52,"href":"https:\/\/pubeklipse.com\/eu\/wp-json\/wp\/v2\/pages\/14\/revisions"}],"predecessor-version":[{"id":291,"href":"https:\/\/pubeklipse.com\/eu\/wp-json\/wp\/v2\/pages\/14\/revisions\/291"}],"wp:attachment":[{"href":"https:\/\/pubeklipse.com\/eu\/wp-json\/wp\/v2\/media?parent=14"}],"curies":[{"name":"wp","href":"https:\/\/api.w.org\/{rel}","templated":true}]}}